{"id":436,"date":"2023-05-17T10:24:12","date_gmt":"2023-05-17T09:24:12","guid":{"rendered":"https:\/\/pedreira.wearemateria.com\/?page_id=436"},"modified":"2024-02-26T13:14:52","modified_gmt":"2024-02-26T13:14:52","slug":"production","status":"publish","type":"page","link":"https:\/\/maximointernacional.pt\/pt\/production\/","title":{"rendered":"Produ\u00e7\u00e3o"},"content":{"rendered":"<div data-elementor-type=\"wp-page\" data-elementor-id=\"436\" class=\"elementor elementor-436\" data-elementor-post-type=\"page\">\n\t\t\t\t\t\t\t\t\t<section class=\"elementor-section elementor-top-section elementor-element elementor-element-11e8803 elementor-section-boxed elementor-section-height-default elementor-section-height-default\" data-id=\"11e8803\" data-element_type=\"section\">\n\t\t\t\t\t\t<div class=\"elementor-container elementor-column-gap-default\">\n\t\t\t\t\t<div class=\"elementor-column elementor-col-100 elementor-top-column elementor-element elementor-element-80eb2f2\" data-id=\"80eb2f2\" data-element_type=\"column\">\n\t\t\t<div class=\"elementor-widget-wrap elementor-element-populated\">\n\t\t\t\t\t\t\t\t<div class=\"elementor-element elementor-element-a45f1da grve-elementor-align-left elementor-widget elementor-widget-impeka_animated_text\" data-id=\"a45f1da\" data-element_type=\"widget\" data-widget_type=\"impeka_animated_text.default\">\n\t\t\t\t<div class=\"elementor-widget-container\">\n\t\t\t<h1 class=\"grve-element grve-animated-text grve-animated-item grve-h1 grve-style-1\" data-style=\"style-1\" data-delay=\"0\" data-duration=\"normal\"><span class=\"grve-animated-entry\"><span class=\"grve-line\">Produ\u00e7\u00e3o<\/span><\/span><\/h1>\t\t<\/div>\n\t\t\t\t<\/div>\n\t\t\t\t<div class=\"elementor-element elementor-element-85e5eab elementor-widget elementor-widget-text-editor\" data-id=\"85e5eab\" data-element_type=\"widget\" data-widget_type=\"text-editor.default\">\n\t\t\t\t<div class=\"elementor-widget-container\">\n\t\t\t<style>\/*! elementor - v3.15.0 - 09-08-2023 *\/\n.elementor-widget-text-editor.elementor-drop-cap-view-stacked .elementor-drop-cap{background-color:#69727d;color:#fff}.elementor-widget-text-editor.elementor-drop-cap-view-framed .elementor-drop-cap{color:#69727d;border:3px solid;background-color:transparent}.elementor-widget-text-editor:not(.elementor-drop-cap-view-default) .elementor-drop-cap{margin-top:8px}.elementor-widget-text-editor:not(.elementor-drop-cap-view-default) .elementor-drop-cap-letter{width:1em;height:1em}.elementor-widget-text-editor .elementor-drop-cap{float:left;text-align:center;line-height:1;font-size:50px}.elementor-widget-text-editor .elementor-drop-cap-letter{display:inline-block}<\/style>\t\t\t\t<p>A capacidade de produ\u00e7\u00e3o da Maximo \u00e9 sem d\u00favida impressionante. Para podermos fornecer os melhores produtos aos nossos clientes de forma r\u00e1pida e eficiente, contamos com a nossa capacidade de produ\u00e7\u00e3o de mais de 2500 pares de sapatos por dia na nossa f\u00e1brica.<\/p>\t\t\t\t\t\t<\/div>\n\t\t\t\t<\/div>\n\t\t\t\t\t<\/div>\n\t\t<\/div>\n\t\t\t\t\t\t\t<\/div>\n\t\t<\/section>\n\t\t\t\t<section class=\"elementor-section elementor-top-section elementor-element elementor-element-907e660 elementor-section-full_width elementor-reverse-mobile elementor-section-height-default elementor-section-height-default\" data-id=\"907e660\" data-element_type=\"section\">\n\t\t\t\t\t\t<div class=\"elementor-container elementor-column-gap-default\">\n\t\t\t\t\t<div class=\"elementor-column elementor-col-50 elementor-top-column elementor-element elementor-element-689a1fa\" data-id=\"689a1fa\" data-element_type=\"column\">\n\t\t\t<div class=\"elementor-widget-wrap elementor-element-populated\">\n\t\t\t\t\t\t\t\t<div class=\"elementor-element elementor-element-eaf3231 elementor-widget elementor-widget-image\" data-id=\"eaf3231\" data-element_type=\"widget\" data-settings=\"{&quot;motion_fx_motion_fx_scrolling&quot;:&quot;yes&quot;,&quot;motion_fx_translateX_effect&quot;:&quot;yes&quot;,&quot;motion_fx_translateX_direction&quot;:&quot;negative&quot;,&quot;motion_fx_translateX_speed&quot;:{&quot;unit&quot;:&quot;px&quot;,&quot;size&quot;:5,&quot;sizes&quot;:[]},&quot;motion_fx_translateX_affectedRange&quot;:{&quot;unit&quot;:&quot;%&quot;,&quot;size&quot;:&quot;&quot;,&quot;sizes&quot;:{&quot;start&quot;:0,&quot;end&quot;:50}},&quot;motion_fx_devices&quot;:[&quot;desktop&quot;,&quot;tablet&quot;,&quot;mobile&quot;]}\" data-widget_type=\"image.default\">\n\t\t\t\t<div class=\"elementor-widget-container\">\n\t\t\t<style>\/*! elementor - v3.15.0 - 09-08-2023 *\/\n.elementor-widget-image{text-align:center}.elementor-widget-image a{display:inline-block}.elementor-widget-image a img[src$=\".svg\"]{width:48px}.elementor-widget-image img{vertical-align:middle;display:inline-block}<\/style>\t\t\t\t\t\t\t\t\t\t\t\t<img loading=\"lazy\" decoding=\"async\" width=\"1024\" height=\"768\" src=\"https:\/\/maximointernacional.pt\/wp-content\/uploads\/2024\/02\/prod-1-1024x768.jpg\" class=\"attachment-large size-large wp-image-2115\" alt=\"\" srcset=\"https:\/\/maximointernacional.pt\/wp-content\/uploads\/2024\/02\/prod-1-1024x768.jpg 1024w, https:\/\/maximointernacional.pt\/wp-content\/uploads\/2024\/02\/prod-1-300x225.jpg 300w, https:\/\/maximointernacional.pt\/wp-content\/uploads\/2024\/02\/prod-1-768x576.jpg 768w, https:\/\/maximointernacional.pt\/wp-content\/uploads\/2024\/02\/prod-1-16x12.jpg 16w, https:\/\/maximointernacional.pt\/wp-content\/uploads\/2024\/02\/prod-1-560x420.jpg 560w, https:\/\/maximointernacional.pt\/wp-content\/uploads\/2024\/02\/prod-1-900x675.jpg 900w, https:\/\/maximointernacional.pt\/wp-content\/uploads\/2024\/02\/prod-1.jpg 1200w\" sizes=\"(max-width: 1024px) 100vw, 1024px\" \/>\t\t\t\t\t\t\t\t\t\t\t\t\t\t\t<\/div>\n\t\t\t\t<\/div>\n\t\t\t\t\t<\/div>\n\t\t<\/div>\n\t\t\t\t<div class=\"elementor-column elementor-col-50 elementor-top-column elementor-element elementor-element-68e4846\" data-id=\"68e4846\" data-element_type=\"column\">\n\t\t\t<div class=\"elementor-widget-wrap elementor-element-populated\">\n\t\t\t\t\t\t\t\t<div class=\"elementor-element elementor-element-390d6cb grve-elementor-align--mobileleft grve-elementor-align-left elementor-widget elementor-widget-impeka_animated_text\" data-id=\"390d6cb\" data-element_type=\"widget\" data-widget_type=\"impeka_animated_text.default\">\n\t\t\t\t<div class=\"elementor-widget-container\">\n\t\t\t<h3 class=\"grve-element grve-animated-text grve-animated-item grve-h3 grve-style-1\" data-style=\"style-1\" data-delay=\"0\" data-duration=\"normal\"><span class=\"grve-animated-entry\"><span class=\"grve-line\">Capacidade de Produ\u00e7\u00e3o<\/span><\/span><span class=\"grve-animated-entry\"><span class=\"grve-line\">and Capabilities<\/span><\/span><\/h3>\t\t<\/div>\n\t\t\t\t<\/div>\n\t\t\t\t<div class=\"elementor-element elementor-element-42aec3c elementor-widget elementor-widget-text-editor\" data-id=\"42aec3c\" data-element_type=\"widget\" data-widget_type=\"text-editor.default\">\n\t\t\t\t<div class=\"elementor-widget-container\">\n\t\t\t\t\t\t\t<p>Ter a capacidade de quase duplicar esta capacidade de produ\u00e7\u00e3o com a ajuda de subcontratados mostra a flexibilidade e adaptabilidade para atender \u00e0s novas exig\u00eancias dos clientes.<\/p><p>A colabora\u00e7\u00e3o com subcontratados exemplifica a nossa estrat\u00e9gia met\u00f3dica para aumentar a capacidade de produ\u00e7\u00e3o sem sacrificar a qualidade, revelando-se um ativo importante que nos permite continuar a ser uma empresa confi\u00e1vel.<\/p>\t\t\t\t\t\t<\/div>\n\t\t\t\t<\/div>\n\t\t\t\t\t<\/div>\n\t\t<\/div>\n\t\t\t\t\t\t\t<\/div>\n\t\t<\/section>\n\t\t\t\t<section class=\"elementor-section elementor-top-section elementor-element elementor-element-c202956 elementor-section-full_width elementor-section-height-default elementor-section-height-default\" data-id=\"c202956\" data-element_type=\"section\">\n\t\t\t\t\t\t<div class=\"elementor-container elementor-column-gap-default\">\n\t\t\t\t\t<div class=\"elementor-column elementor-col-50 elementor-top-column elementor-element elementor-element-38a5385\" data-id=\"38a5385\" data-element_type=\"column\">\n\t\t\t<div class=\"elementor-widget-wrap elementor-element-populated\">\n\t\t\t\t\t\t\t\t<div class=\"elementor-element elementor-element-d866482 grve-elementor-align-left elementor-widget elementor-widget-impeka_animated_text\" data-id=\"d866482\" data-element_type=\"widget\" data-widget_type=\"impeka_animated_text.default\">\n\t\t\t\t<div class=\"elementor-widget-container\">\n\t\t\t<h3 class=\"grve-element grve-animated-text grve-animated-item grve-h3 grve-style-1\" data-style=\"style-1\" data-delay=\"0\" data-duration=\"normal\"><span class=\"grve-animated-entry\"><span class=\"grve-line\">Medidas de Controlo de Qualidade<\/span><\/span><\/h3>\t\t<\/div>\n\t\t\t\t<\/div>\n\t\t\t\t<div class=\"elementor-element elementor-element-79686dd elementor-widget elementor-widget-text-editor\" data-id=\"79686dd\" data-element_type=\"widget\" data-widget_type=\"text-editor.default\">\n\t\t\t\t<div class=\"elementor-widget-container\">\n\t\t\t\t\t\t\t<p>Em conformidade com os mais altos padr\u00f5es de artesanato, durabilidade e satisfa\u00e7\u00e3o do cliente, os nossos especialistas em controlo de qualidade verificam os produtos durante e ap\u00f3s o processo para garantir que os pedidos refletem as necessidades do cliente.<\/p><p>Selecionamos cuidadosamente os nossos subcontratados para atender \u00e0 qualidade e ao excelente servi\u00e7o que oferecemos aos nossos clientes e aos crit\u00e9rios mais rigorosos da ind\u00fastria do cal\u00e7ado. <\/p>\t\t\t\t\t\t<\/div>\n\t\t\t\t<\/div>\n\t\t\t\t\t<\/div>\n\t\t<\/div>\n\t\t\t\t<div class=\"elementor-column elementor-col-50 elementor-top-column elementor-element elementor-element-e3528f0\" data-id=\"e3528f0\" data-element_type=\"column\">\n\t\t\t<div class=\"elementor-widget-wrap elementor-element-populated\">\n\t\t\t\t\t\t\t\t<div class=\"elementor-element elementor-element-f0d677a elementor-widget elementor-widget-image\" data-id=\"f0d677a\" data-element_type=\"widget\" data-settings=\"{&quot;motion_fx_motion_fx_scrolling&quot;:&quot;yes&quot;,&quot;motion_fx_translateX_effect&quot;:&quot;yes&quot;,&quot;motion_fx_translateX_speed&quot;:{&quot;unit&quot;:&quot;px&quot;,&quot;size&quot;:5,&quot;sizes&quot;:[]},&quot;motion_fx_translateX_affectedRange&quot;:{&quot;unit&quot;:&quot;%&quot;,&quot;size&quot;:&quot;&quot;,&quot;sizes&quot;:{&quot;start&quot;:0,&quot;end&quot;:50}},&quot;motion_fx_devices&quot;:[&quot;desktop&quot;,&quot;tablet&quot;,&quot;mobile&quot;]}\" data-widget_type=\"image.default\">\n\t\t\t\t<div class=\"elementor-widget-container\">\n\t\t\t\t\t\t\t\t\t\t\t\t\t\t\t<img loading=\"lazy\" decoding=\"async\" width=\"683\" height=\"1024\" src=\"https:\/\/maximointernacional.pt\/wp-content\/uploads\/2024\/02\/prod-2-683x1024.jpg\" class=\"attachment-large size-large wp-image-2116\" alt=\"\" srcset=\"https:\/\/maximointernacional.pt\/wp-content\/uploads\/2024\/02\/prod-2-683x1024.jpg 683w, https:\/\/maximointernacional.pt\/wp-content\/uploads\/2024\/02\/prod-2-200x300.jpg 200w, https:\/\/maximointernacional.pt\/wp-content\/uploads\/2024\/02\/prod-2-768x1152.jpg 768w, https:\/\/maximointernacional.pt\/wp-content\/uploads\/2024\/02\/prod-2-8x12.jpg 8w, https:\/\/maximointernacional.pt\/wp-content\/uploads\/2024\/02\/prod-2.jpg 800w\" sizes=\"(max-width: 683px) 100vw, 683px\" \/>\t\t\t\t\t\t\t\t\t\t\t\t\t\t\t<\/div>\n\t\t\t\t<\/div>\n\t\t\t\t\t<\/div>\n\t\t<\/div>\n\t\t\t\t\t\t\t<\/div>\n\t\t<\/section>\n\t\t\t\t<section class=\"elementor-section elementor-top-section elementor-element elementor-element-007139f elementor-section-full_width elementor-reverse-mobile elementor-section-height-default elementor-section-height-default\" data-id=\"007139f\" data-element_type=\"section\">\n\t\t\t\t\t\t<div class=\"elementor-container elementor-column-gap-default\">\n\t\t\t\t\t<div class=\"elementor-column elementor-col-50 elementor-top-column elementor-element elementor-element-e34a3b6\" data-id=\"e34a3b6\" data-element_type=\"column\">\n\t\t\t<div class=\"elementor-widget-wrap elementor-element-populated\">\n\t\t\t\t\t\t\t\t<div class=\"elementor-element elementor-element-378a85a elementor-widget elementor-widget-image\" data-id=\"378a85a\" data-element_type=\"widget\" data-settings=\"{&quot;motion_fx_motion_fx_scrolling&quot;:&quot;yes&quot;,&quot;motion_fx_translateX_effect&quot;:&quot;yes&quot;,&quot;motion_fx_translateX_direction&quot;:&quot;negative&quot;,&quot;motion_fx_translateX_speed&quot;:{&quot;unit&quot;:&quot;px&quot;,&quot;size&quot;:5,&quot;sizes&quot;:[]},&quot;motion_fx_translateX_affectedRange&quot;:{&quot;unit&quot;:&quot;%&quot;,&quot;size&quot;:&quot;&quot;,&quot;sizes&quot;:{&quot;start&quot;:0,&quot;end&quot;:50}},&quot;motion_fx_devices&quot;:[&quot;desktop&quot;,&quot;tablet&quot;,&quot;mobile&quot;]}\" data-widget_type=\"image.default\">\n\t\t\t\t<div class=\"elementor-widget-container\">\n\t\t\t\t\t\t\t\t\t\t\t\t\t\t\t<img loading=\"lazy\" decoding=\"async\" width=\"1024\" height=\"1024\" src=\"https:\/\/maximointernacional.pt\/wp-content\/uploads\/2024\/02\/prod-3-1024x1024.jpg\" class=\"attachment-large size-large wp-image-2117\" alt=\"\" srcset=\"https:\/\/maximointernacional.pt\/wp-content\/uploads\/2024\/02\/prod-3-1024x1024.jpg 1024w, https:\/\/maximointernacional.pt\/wp-content\/uploads\/2024\/02\/prod-3-300x300.jpg 300w, https:\/\/maximointernacional.pt\/wp-content\/uploads\/2024\/02\/prod-3-150x150.jpg 150w, https:\/\/maximointernacional.pt\/wp-content\/uploads\/2024\/02\/prod-3-768x768.jpg 768w, https:\/\/maximointernacional.pt\/wp-content\/uploads\/2024\/02\/prod-3-12x12.jpg 12w, https:\/\/maximointernacional.pt\/wp-content\/uploads\/2024\/02\/prod-3-560x560.jpg 560w, https:\/\/maximointernacional.pt\/wp-content\/uploads\/2024\/02\/prod-3-900x900.jpg 900w, https:\/\/maximointernacional.pt\/wp-content\/uploads\/2024\/02\/prod-3.jpg 1200w\" sizes=\"(max-width: 1024px) 100vw, 1024px\" \/>\t\t\t\t\t\t\t\t\t\t\t\t\t\t\t<\/div>\n\t\t\t\t<\/div>\n\t\t\t\t\t<\/div>\n\t\t<\/div>\n\t\t\t\t<div class=\"elementor-column elementor-col-50 elementor-top-column elementor-element elementor-element-7d76d75\" data-id=\"7d76d75\" data-element_type=\"column\">\n\t\t\t<div class=\"elementor-widget-wrap elementor-element-populated\">\n\t\t\t\t\t\t\t\t<div class=\"elementor-element elementor-element-2ef87ec grve-elementor-align--mobileleft grve-elementor-align-left elementor-widget elementor-widget-impeka_animated_text\" data-id=\"2ef87ec\" data-element_type=\"widget\" data-widget_type=\"impeka_animated_text.default\">\n\t\t\t\t<div class=\"elementor-widget-container\">\n\t\t\t<h3 class=\"grve-element grve-animated-text grve-animated-item grve-h3 grve-style-1\" data-style=\"style-1\" data-delay=\"0\" data-duration=\"normal\"><span class=\"grve-animated-entry\"><span class=\"grve-line\">Pr\u00e1ticas de Produ\u00e7\u00e3o<\/span><\/span><span class=\"grve-animated-entry\"><span class=\"grve-line\">\u00c9ticas e Sustent\u00e1veis<\/span><\/span><\/h3>\t\t<\/div>\n\t\t\t\t<\/div>\n\t\t\t\t<div class=\"elementor-element elementor-element-bedfc9b elementor-widget elementor-widget-text-editor\" data-id=\"bedfc9b\" data-element_type=\"widget\" data-widget_type=\"text-editor.default\">\n\t\t\t\t<div class=\"elementor-widget-container\">\n\t\t\t\t\t\t\t<p>Ao adoptar pr\u00e1ticas \u00e9ticas de fabrico, tais como a utiliza\u00e7\u00e3o de materiais ecol\u00f3gicos, efici\u00eancia energ\u00e9tica, redu\u00e7\u00e3o de desperd\u00edcios e implementa\u00e7\u00e3o de processos de produ\u00e7\u00e3o respons\u00e1veis, garantimos que os nossos sapatos n\u00e3o est\u00e3o apenas na moda, como tamb\u00e9m s\u00e3o ambientalmente conscientes.<\/p><p>Utilizando estas t\u00e9cnicas de produ\u00e7\u00e3o \u00e9ticas e sustent\u00e1veis, retratamo-nos como uma marca respons\u00e1vel e com vis\u00e3o de futuro e apelamos a clientes conscientes.<\/p>\t\t\t\t\t\t<\/div>\n\t\t\t\t<\/div>\n\t\t\t\t<div class=\"elementor-element elementor-element-d553207 elementor-widget elementor-widget-image\" data-id=\"d553207\" data-element_type=\"widget\" data-widget_type=\"image.default\">\n\t\t\t\t<div class=\"elementor-widget-container\">\n\t\t\t\t\t\t\t\t\t\t\t\t\t\t\t<img loading=\"lazy\" decoding=\"async\" width=\"1024\" height=\"279\" src=\"https:\/\/maximointernacional.pt\/wp-content\/uploads\/2023\/04\/sustentabilidade-certificados-smeta-sedex-antonio-salgado1-1024x279.png\" class=\"attachment-large size-large wp-image-1940\" alt=\"\" srcset=\"https:\/\/maximointernacional.pt\/wp-content\/uploads\/2023\/04\/sustentabilidade-certificados-smeta-sedex-antonio-salgado1-1024x279.png 1024w, https:\/\/maximointernacional.pt\/wp-content\/uploads\/2023\/04\/sustentabilidade-certificados-smeta-sedex-antonio-salgado1-300x82.png 300w, https:\/\/maximointernacional.pt\/wp-content\/uploads\/2023\/04\/sustentabilidade-certificados-smeta-sedex-antonio-salgado1-768x209.png 768w, https:\/\/maximointernacional.pt\/wp-content\/uploads\/2023\/04\/sustentabilidade-certificados-smeta-sedex-antonio-salgado1-1536x418.png 1536w, https:\/\/maximointernacional.pt\/wp-content\/uploads\/2023\/04\/sustentabilidade-certificados-smeta-sedex-antonio-salgado1-18x5.png 18w, https:\/\/maximointernacional.pt\/wp-content\/uploads\/2023\/04\/sustentabilidade-certificados-smeta-sedex-antonio-salgado1.png 1575w\" sizes=\"(max-width: 1024px) 100vw, 1024px\" \/>\t\t\t\t\t\t\t\t\t\t\t\t\t\t\t<\/div>\n\t\t\t\t<\/div>\n\t\t\t\t\t<\/div>\n\t\t<\/div>\n\t\t\t\t\t\t\t<\/div>\n\t\t<\/section>\n\t\t\t\t\t\t\t<\/div>","protected":false},"excerpt":{"rendered":"<p>Production Maximo&#8217;s production capacity and capabilities are undoubtedly impressive. To be able to provide the best products to our customers in a fast and efficient way, we rely on our production capacity of over 2500 pairs of shoes per day in our factory. Production Capacityand Capabilities Having the ability to nearly double this production capacity [&hellip;]<\/p>","protected":false},"author":1,"featured_media":0,"parent":0,"menu_order":0,"comment_status":"closed","ping_status":"closed","template":"","meta":{"footnotes":""},"yoast_head":"<!-- This site is optimized with the Yoast SEO plugin v22.1 - https:\/\/yoast.com\/wordpress\/plugins\/seo\/ -->\n<title>Production - Maximo Internacional<\/title>\n<meta name=\"description\" content=\"Pedreira Shoes Work. We will work with you from start to finish and coordinate all details of your products.\" \/>\n<meta name=\"robots\" content=\"index, follow, max-snippet:-1, max-image-preview:large, max-video-preview:-1\" \/>\n<link rel=\"canonical\" href=\"https:\/\/maximointernacional.pt\/pt\/production\/\" \/>\n<meta property=\"og:locale\" content=\"pt_PT\" \/>\n<meta property=\"og:type\" content=\"article\" \/>\n<meta property=\"og:title\" content=\"Production - Maximo Internacional\" \/>\n<meta property=\"og:description\" content=\"Pedreira Shoes Work. We will work with you from start to finish and coordinate all details of your products.\" \/>\n<meta property=\"og:url\" content=\"https:\/\/maximointernacional.pt\/pt\/production\/\" \/>\n<meta property=\"og:site_name\" content=\"Maximo Internacional\" \/>\n<meta property=\"article:publisher\" content=\"https:\/\/www.facebook.com\/maximointernacional\/\" \/>\n<meta property=\"article:modified_time\" content=\"2024-02-26T13:14:52+00:00\" \/>\n<meta property=\"og:image\" content=\"https:\/\/maximo.wearemateria.com\/wp-content\/uploads\/2024\/02\/prod-1-1024x768.jpg\" \/>\n<meta name=\"twitter:card\" content=\"summary_large_image\" \/>\n<meta name=\"twitter:label1\" content=\"Tempo estimado de leitura\" \/>\n\t<meta name=\"twitter:data1\" content=\"2 minutos\" \/>\n<script type=\"application\/ld+json\" class=\"yoast-schema-graph\">{\"@context\":\"https:\/\/schema.org\",\"@graph\":[{\"@type\":\"WebPage\",\"@id\":\"https:\/\/maximointernacional.pt\/production\/\",\"url\":\"https:\/\/maximointernacional.pt\/production\/\",\"name\":\"Production - Maximo Internacional\",\"isPartOf\":{\"@id\":\"https:\/\/maximointernacional.pt\/#website\"},\"datePublished\":\"2023-05-17T09:24:12+00:00\",\"dateModified\":\"2024-02-26T13:14:52+00:00\",\"description\":\"Pedreira Shoes Work. We will work with you from start to finish and coordinate all details of your products.\",\"breadcrumb\":{\"@id\":\"https:\/\/maximointernacional.pt\/production\/#breadcrumb\"},\"inLanguage\":\"pt-PT\",\"potentialAction\":[{\"@type\":\"ReadAction\",\"target\":[\"https:\/\/maximointernacional.pt\/production\/\"]}]},{\"@type\":\"BreadcrumbList\",\"@id\":\"https:\/\/maximointernacional.pt\/production\/#breadcrumb\",\"itemListElement\":[{\"@type\":\"ListItem\",\"position\":1,\"name\":\"Home\",\"item\":\"https:\/\/maximointernacional.pt\/\"},{\"@type\":\"ListItem\",\"position\":2,\"name\":\"Production\"}]},{\"@type\":\"WebSite\",\"@id\":\"https:\/\/maximointernacional.pt\/#website\",\"url\":\"https:\/\/maximointernacional.pt\/\",\"name\":\"M\u00e1ximo Internacional\",\"description\":\"Shoemaking since 1988\",\"publisher\":{\"@id\":\"https:\/\/maximointernacional.pt\/#organization\"},\"alternateName\":\"M\u00e1ximo Internacional\",\"potentialAction\":[{\"@type\":\"SearchAction\",\"target\":{\"@type\":\"EntryPoint\",\"urlTemplate\":\"https:\/\/maximointernacional.pt\/?s={search_term_string}\"},\"query-input\":\"required name=search_term_string\"}],\"inLanguage\":\"pt-PT\"},{\"@type\":\"Organization\",\"@id\":\"https:\/\/maximointernacional.pt\/#organization\",\"name\":\"M\u00e1ximo Internacional\",\"alternateName\":\"M\u00e1ximo Internacional\",\"url\":\"https:\/\/maximointernacional.pt\/\",\"logo\":{\"@type\":\"ImageObject\",\"inLanguage\":\"pt-PT\",\"@id\":\"https:\/\/maximointernacional.pt\/#\/schema\/logo\/image\/\",\"url\":\"https:\/\/maximo.wearemateria.com\/wp-content\/uploads\/2023\/10\/logo-maximo-final-black.png\",\"contentUrl\":\"https:\/\/maximo.wearemateria.com\/wp-content\/uploads\/2023\/10\/logo-maximo-final-black.png\",\"width\":600,\"height\":209,\"caption\":\"M\u00e1ximo Internacional\"},\"image\":{\"@id\":\"https:\/\/maximointernacional.pt\/#\/schema\/logo\/image\/\"},\"sameAs\":[\"https:\/\/www.facebook.com\/maximointernacional\/\",\"https:\/\/pt.linkedin.com\/company\/m-ximo-internacional-imp.-exp.-s.a.\"]}]}<\/script>\n<!-- \/ Yoast SEO plugin. -->","yoast_head_json":{"title":"Production - Maximo Internacional","description":"Pedreira Shoes Work. We will work with you from start to finish and coordinate all details of your products.","robots":{"index":"index","follow":"follow","max-snippet":"max-snippet:-1","max-image-preview":"max-image-preview:large","max-video-preview":"max-video-preview:-1"},"canonical":"https:\/\/maximointernacional.pt\/pt\/production\/","og_locale":"pt_PT","og_type":"article","og_title":"Production - Maximo Internacional","og_description":"Pedreira Shoes Work. We will work with you from start to finish and coordinate all details of your products.","og_url":"https:\/\/maximointernacional.pt\/pt\/production\/","og_site_name":"Maximo Internacional","article_publisher":"https:\/\/www.facebook.com\/maximointernacional\/","article_modified_time":"2024-02-26T13:14:52+00:00","og_image":[{"url":"https:\/\/maximo.wearemateria.com\/wp-content\/uploads\/2024\/02\/prod-1-1024x768.jpg"}],"twitter_card":"summary_large_image","twitter_misc":{"Tempo estimado de leitura":"2 minutos"},"schema":{"@context":"https:\/\/schema.org","@graph":[{"@type":"WebPage","@id":"https:\/\/maximointernacional.pt\/production\/","url":"https:\/\/maximointernacional.pt\/production\/","name":"Production - Maximo Internacional","isPartOf":{"@id":"https:\/\/maximointernacional.pt\/#website"},"datePublished":"2023-05-17T09:24:12+00:00","dateModified":"2024-02-26T13:14:52+00:00","description":"Pedreira Shoes Work. We will work with you from start to finish and coordinate all details of your products.","breadcrumb":{"@id":"https:\/\/maximointernacional.pt\/production\/#breadcrumb"},"inLanguage":"pt-PT","potentialAction":[{"@type":"ReadAction","target":["https:\/\/maximointernacional.pt\/production\/"]}]},{"@type":"BreadcrumbList","@id":"https:\/\/maximointernacional.pt\/production\/#breadcrumb","itemListElement":[{"@type":"ListItem","position":1,"name":"Home","item":"https:\/\/maximointernacional.pt\/"},{"@type":"ListItem","position":2,"name":"Production"}]},{"@type":"WebSite","@id":"https:\/\/maximointernacional.pt\/#website","url":"https:\/\/maximointernacional.pt\/","name":"M\u00e1ximo Internacional","description":"Shoemaking since 1988","publisher":{"@id":"https:\/\/maximointernacional.pt\/#organization"},"alternateName":"M\u00e1ximo Internacional","potentialAction":[{"@type":"SearchAction","target":{"@type":"EntryPoint","urlTemplate":"https:\/\/maximointernacional.pt\/?s={search_term_string}"},"query-input":"required name=search_term_string"}],"inLanguage":"pt-PT"},{"@type":"Organization","@id":"https:\/\/maximointernacional.pt\/#organization","name":"M\u00e1ximo Internacional","alternateName":"M\u00e1ximo Internacional","url":"https:\/\/maximointernacional.pt\/","logo":{"@type":"ImageObject","inLanguage":"pt-PT","@id":"https:\/\/maximointernacional.pt\/#\/schema\/logo\/image\/","url":"https:\/\/maximo.wearemateria.com\/wp-content\/uploads\/2023\/10\/logo-maximo-final-black.png","contentUrl":"https:\/\/maximo.wearemateria.com\/wp-content\/uploads\/2023\/10\/logo-maximo-final-black.png","width":600,"height":209,"caption":"M\u00e1ximo Internacional"},"image":{"@id":"https:\/\/maximointernacional.pt\/#\/schema\/logo\/image\/"},"sameAs":["https:\/\/www.facebook.com\/maximointernacional\/","https:\/\/pt.linkedin.com\/company\/m-ximo-internacional-imp.-exp.-s.a."]}]}},"_links":{"self":[{"href":"https:\/\/maximointernacional.pt\/pt\/wp-json\/wp\/v2\/pages\/436"}],"collection":[{"href":"https:\/\/maximointernacional.pt\/pt\/wp-json\/wp\/v2\/pages"}],"about":[{"href":"https:\/\/maximointernacional.pt\/pt\/wp-json\/wp\/v2\/types\/page"}],"author":[{"embeddable":true,"href":"https:\/\/maximointernacional.pt\/pt\/wp-json\/wp\/v2\/users\/1"}],"replies":[{"embeddable":true,"href":"https:\/\/maximointernacional.pt\/pt\/wp-json\/wp\/v2\/comments?post=436"}],"version-history":[{"count":33,"href":"https:\/\/maximointernacional.pt\/pt\/wp-json\/wp\/v2\/pages\/436\/revisions"}],"predecessor-version":[{"id":2120,"href":"https:\/\/maximointernacional.pt\/pt\/wp-json\/wp\/v2\/pages\/436\/revisions\/2120"}],"wp:attachment":[{"href":"https:\/\/maximointernacional.pt\/pt\/wp-json\/wp\/v2\/media?parent=436"}],"curies":[{"name":"wp","href":"https:\/\/api.w.org\/{rel}","templated":true}]}}