{"id":3,"date":"2023-04-11T17:00:12","date_gmt":"2023-04-11T16:00:12","guid":{"rendered":"http:\/\/pedreira.wearemateria.com\/?page_id=3"},"modified":"2023-12-22T12:37:58","modified_gmt":"2023-12-22T12:37:58","slug":"privacy-policy","status":"publish","type":"page","link":"https:\/\/maximointernacional.pt\/pt\/privacy-policy\/","title":{"rendered":"Pol\u00edtica de Privacidade"},"content":{"rendered":"<div data-elementor-type=\"wp-page\" data-elementor-id=\"3\" class=\"elementor elementor-3\" data-elementor-post-type=\"page\">\n\t\t\t\t\t\t\t\t\t<section class=\"elementor-section elementor-top-section elementor-element elementor-element-2bb27f50 elementor-section-boxed elementor-section-height-default elementor-section-height-default\" data-id=\"2bb27f50\" data-element_type=\"section\">\n\t\t\t\t\t\t<div class=\"elementor-container elementor-column-gap-default\">\n\t\t\t\t\t<div class=\"elementor-column elementor-col-100 elementor-top-column elementor-element elementor-element-5a69ea76\" data-id=\"5a69ea76\" data-element_type=\"column\">\n\t\t\t<div class=\"elementor-widget-wrap elementor-element-populated\">\n\t\t\t\t\t\t\t\t<div class=\"elementor-element elementor-element-a9d4710 grve-elementor-align-left elementor-widget elementor-widget-impeka_animated_text\" data-id=\"a9d4710\" data-element_type=\"widget\" data-widget_type=\"impeka_animated_text.default\">\n\t\t\t\t<div class=\"elementor-widget-container\">\n\t\t\t<h1 class=\"grve-element grve-animated-text grve-animated-item grve-h1 grve-style-1\" data-style=\"style-1\" data-delay=\"0\" data-duration=\"normal\"><span class=\"grve-animated-entry\"><span class=\"grve-line\">Pol\u00edtica de Privacidade<\/span><\/span><\/h1>\t\t<\/div>\n\t\t\t\t<\/div>\n\t\t\t\t<div class=\"elementor-element elementor-element-2d5daab elementor-widget elementor-widget-text-editor\" data-id=\"2d5daab\" data-element_type=\"widget\" data-widget_type=\"text-editor.default\">\n\t\t\t\t<div class=\"elementor-widget-container\">\n\t\t\t<style>\/*! elementor - v3.15.0 - 09-08-2023 *\/\n.elementor-widget-text-editor.elementor-drop-cap-view-stacked .elementor-drop-cap{background-color:#69727d;color:#fff}.elementor-widget-text-editor.elementor-drop-cap-view-framed .elementor-drop-cap{color:#69727d;border:3px solid;background-color:transparent}.elementor-widget-text-editor:not(.elementor-drop-cap-view-default) .elementor-drop-cap{margin-top:8px}.elementor-widget-text-editor:not(.elementor-drop-cap-view-default) .elementor-drop-cap-letter{width:1em;height:1em}.elementor-widget-text-editor .elementor-drop-cap{float:left;text-align:center;line-height:1;font-size:50px}.elementor-widget-text-editor .elementor-drop-cap-letter{display:inline-block}<\/style>\t\t\t\t<p>A pol\u00edtica de privacidade da M\u00e1ximo Internacional respeita todas as obriga\u00e7\u00f5es legais. A \u201cM\u00e1ximo Internacional\u201d compromete-se a n\u00e3o transferir os dados dos clientes a terceiros. A informa\u00e7\u00e3o que os clientes optam por partilhar com a \u201cM\u00e1ximo Internacional\u201d \u00e9 utilizada exclusivamente para fins de marketing.<\/p><p>Prote\u00e7\u00e3o de dados pessoais<\/p><p>O tratamento informatizado dos dados recolhidos \u00e9 feito no cumprimento da legisla\u00e7\u00e3o de protec\u00e7\u00e3o de dados e destinam-se ao envio de encomendas, o seu apoio administrativo, estat\u00edsticas e futura apresenta\u00e7\u00e3o de novas propostas por parte da \u201cM\u00e1ximo Internacional\u201d. \u00c9 garantido ao cliente, nos termos da legisla\u00e7\u00e3o portuguesa e comunit\u00e1ria, o direito de acesso, retifica\u00e7\u00e3o e elimina\u00e7\u00e3o de quaisquer dados constantes da base de dados, atrav\u00e9s do envio de um email para info@maximointernacional.pt.<\/p><p>Embora sejam tomadas todas as precau\u00e7\u00f5es relativamente \u00e0 prote\u00e7\u00e3o dos dados dos clientes, a \u201cM\u00e1ximo Internacional\u201d n\u00e3o pode ser responsabilizada pela utiliza\u00e7\u00e3o indevida por terceiros n\u00e3o autorizados.<\/p><p>Direitos de propriedade intelectuais<\/p><p>Todos os elementos do site maximointernacional.pt sejam visuais ou sonoros, incluindo a tecnologia subjacente, est\u00e3o protegidos por direitos de autor, marcas ou patentes. Consequentemente, s\u00e3o propriedade exclusiva da \u201cM\u00e1ximo Internacional\u201d.<br \/>Qualquer utilizador que possua um site pessoal na Internet e pretenda colocar no seu site um simples link direto para o site www.maximointernacional.pt, dever\u00e1 solicitar autoriza\u00e7\u00e3o \u00e0 \u201cM\u00e1ximo Internacional\u201d.<\/p><p>Neste caso, este n\u00e3o \u00e9 um acordo impl\u00edcito de afilia\u00e7\u00e3o ou parceria. Por outro lado, \u00e9 formalmente proibida qualquer hiperliga\u00e7\u00e3o para o site maximointernacional.pt utilizando framing ou liga\u00e7\u00e3o por linha. Em todos os casos, qualquer hiperliga\u00e7\u00e3o, ainda que tacitamente autorizada, dever\u00e1 ser removida a pedido da \u201cM\u00e1ximo Internacional\u201d.<\/p>\t\t\t\t\t\t<\/div>\n\t\t\t\t<\/div>\n\t\t\t\t\t<\/div>\n\t\t<\/div>\n\t\t\t\t\t\t\t<\/div>\n\t\t<\/section>\n\t\t\t\t\t\t\t<\/div>","protected":false},"excerpt":{"rendered":"<p>Privacy Policy M\u00e1ximo Internacional&#8217;s privacy policy respects all legal obligations. \u201cM\u00e1ximo Internacional\u201d undertakes not to transfer customer data to third parties. The information that customers choose to share with \u201cM\u00e1ximo Internacional\u201d is used exclusively for marketing purposes. Protection of personal data The computerized processing of the collected data is done in compliance with the data [&hellip;]<\/p>","protected":false},"author":1,"featured_media":0,"parent":0,"menu_order":0,"comment_status":"closed","ping_status":"closed","template":"","meta":{"footnotes":""},"yoast_head":"<!-- This site is optimized with the Yoast SEO plugin v22.1 - https:\/\/yoast.com\/wordpress\/plugins\/seo\/ -->\n<title>Privacy Policy - Maximo Internacional<\/title>\n<meta name=\"robots\" content=\"index, follow, max-snippet:-1, max-image-preview:large, max-video-preview:-1\" \/>\n<link rel=\"canonical\" href=\"https:\/\/maximointernacional.pt\/pt\/privacy-policy\/\" \/>\n<meta property=\"og:locale\" content=\"pt_PT\" \/>\n<meta property=\"og:type\" content=\"article\" \/>\n<meta property=\"og:title\" content=\"Privacy Policy - Maximo Internacional\" \/>\n<meta property=\"og:description\" content=\"Privacy Policy M\u00e1ximo Internacional&#8217;s privacy policy respects all legal obligations. \u201cM\u00e1ximo Internacional\u201d undertakes not to transfer customer data to third parties. The information that customers choose to share with \u201cM\u00e1ximo Internacional\u201d is used exclusively for marketing purposes. Protection of personal data The computerized processing of the collected data is done in compliance with the data [&hellip;]\" \/>\n<meta property=\"og:url\" content=\"https:\/\/maximointernacional.pt\/pt\/privacy-policy\/\" \/>\n<meta property=\"og:site_name\" content=\"Maximo Internacional\" \/>\n<meta property=\"article:publisher\" content=\"https:\/\/www.facebook.com\/maximointernacional\/\" \/>\n<meta property=\"article:modified_time\" content=\"2023-12-22T12:37:58+00:00\" \/>\n<meta property=\"og:image\" content=\"https:\/\/maximointernacional.pt\/wp-content\/uploads\/2023\/10\/logo-maximo-final-black.png\" \/>\n\t<meta property=\"og:image:width\" content=\"600\" \/>\n\t<meta property=\"og:image:height\" content=\"209\" \/>\n\t<meta property=\"og:image:type\" content=\"image\/png\" \/>\n<meta name=\"twitter:card\" content=\"summary_large_image\" \/>\n<meta name=\"twitter:label1\" content=\"Tempo estimado de leitura\" \/>\n\t<meta name=\"twitter:data1\" content=\"2 minutos\" \/>\n<script type=\"application\/ld+json\" class=\"yoast-schema-graph\">{\"@context\":\"https:\/\/schema.org\",\"@graph\":[{\"@type\":\"WebPage\",\"@id\":\"https:\/\/maximointernacional.pt\/privacy-policy\/\",\"url\":\"https:\/\/maximointernacional.pt\/privacy-policy\/\",\"name\":\"Privacy Policy - Maximo Internacional\",\"isPartOf\":{\"@id\":\"https:\/\/maximointernacional.pt\/#website\"},\"datePublished\":\"2023-04-11T16:00:12+00:00\",\"dateModified\":\"2023-12-22T12:37:58+00:00\",\"breadcrumb\":{\"@id\":\"https:\/\/maximointernacional.pt\/privacy-policy\/#breadcrumb\"},\"inLanguage\":\"pt-PT\",\"potentialAction\":[{\"@type\":\"ReadAction\",\"target\":[\"https:\/\/maximointernacional.pt\/privacy-policy\/\"]}]},{\"@type\":\"BreadcrumbList\",\"@id\":\"https:\/\/maximointernacional.pt\/privacy-policy\/#breadcrumb\",\"itemListElement\":[{\"@type\":\"ListItem\",\"position\":1,\"name\":\"Home\",\"item\":\"https:\/\/maximointernacional.pt\/\"},{\"@type\":\"ListItem\",\"position\":2,\"name\":\"Privacy Policy\"}]},{\"@type\":\"WebSite\",\"@id\":\"https:\/\/maximointernacional.pt\/#website\",\"url\":\"https:\/\/maximointernacional.pt\/\",\"name\":\"M\u00e1ximo Internacional\",\"description\":\"Shoemaking since 1988\",\"publisher\":{\"@id\":\"https:\/\/maximointernacional.pt\/#organization\"},\"alternateName\":\"M\u00e1ximo Internacional\",\"potentialAction\":[{\"@type\":\"SearchAction\",\"target\":{\"@type\":\"EntryPoint\",\"urlTemplate\":\"https:\/\/maximointernacional.pt\/?s={search_term_string}\"},\"query-input\":\"required name=search_term_string\"}],\"inLanguage\":\"pt-PT\"},{\"@type\":\"Organization\",\"@id\":\"https:\/\/maximointernacional.pt\/#organization\",\"name\":\"M\u00e1ximo Internacional\",\"alternateName\":\"M\u00e1ximo Internacional\",\"url\":\"https:\/\/maximointernacional.pt\/\",\"logo\":{\"@type\":\"ImageObject\",\"inLanguage\":\"pt-PT\",\"@id\":\"https:\/\/maximointernacional.pt\/#\/schema\/logo\/image\/\",\"url\":\"https:\/\/maximo.wearemateria.com\/wp-content\/uploads\/2023\/10\/logo-maximo-final-black.png\",\"contentUrl\":\"https:\/\/maximo.wearemateria.com\/wp-content\/uploads\/2023\/10\/logo-maximo-final-black.png\",\"width\":600,\"height\":209,\"caption\":\"M\u00e1ximo Internacional\"},\"image\":{\"@id\":\"https:\/\/maximointernacional.pt\/#\/schema\/logo\/image\/\"},\"sameAs\":[\"https:\/\/www.facebook.com\/maximointernacional\/\",\"https:\/\/pt.linkedin.com\/company\/m-ximo-internacional-imp.-exp.-s.a.\"]}]}<\/script>\n<!-- \/ Yoast SEO plugin. -->","yoast_head_json":{"title":"Privacy Policy - Maximo Internacional","robots":{"index":"index","follow":"follow","max-snippet":"max-snippet:-1","max-image-preview":"max-image-preview:large","max-video-preview":"max-video-preview:-1"},"canonical":"https:\/\/maximointernacional.pt\/pt\/privacy-policy\/","og_locale":"pt_PT","og_type":"article","og_title":"Privacy Policy - Maximo Internacional","og_description":"Privacy Policy M\u00e1ximo Internacional&#8217;s privacy policy respects all legal obligations. \u201cM\u00e1ximo Internacional\u201d undertakes not to transfer customer data to third parties. The information that customers choose to share with \u201cM\u00e1ximo Internacional\u201d is used exclusively for marketing purposes. Protection of personal data The computerized processing of the collected data is done in compliance with the data [&hellip;]","og_url":"https:\/\/maximointernacional.pt\/pt\/privacy-policy\/","og_site_name":"Maximo Internacional","article_publisher":"https:\/\/www.facebook.com\/maximointernacional\/","article_modified_time":"2023-12-22T12:37:58+00:00","og_image":[{"width":600,"height":209,"url":"https:\/\/maximointernacional.pt\/wp-content\/uploads\/2023\/10\/logo-maximo-final-black.png","type":"image\/png"}],"twitter_card":"summary_large_image","twitter_misc":{"Tempo estimado de leitura":"2 minutos"},"schema":{"@context":"https:\/\/schema.org","@graph":[{"@type":"WebPage","@id":"https:\/\/maximointernacional.pt\/privacy-policy\/","url":"https:\/\/maximointernacional.pt\/privacy-policy\/","name":"Privacy Policy - Maximo Internacional","isPartOf":{"@id":"https:\/\/maximointernacional.pt\/#website"},"datePublished":"2023-04-11T16:00:12+00:00","dateModified":"2023-12-22T12:37:58+00:00","breadcrumb":{"@id":"https:\/\/maximointernacional.pt\/privacy-policy\/#breadcrumb"},"inLanguage":"pt-PT","potentialAction":[{"@type":"ReadAction","target":["https:\/\/maximointernacional.pt\/privacy-policy\/"]}]},{"@type":"BreadcrumbList","@id":"https:\/\/maximointernacional.pt\/privacy-policy\/#breadcrumb","itemListElement":[{"@type":"ListItem","position":1,"name":"Home","item":"https:\/\/maximointernacional.pt\/"},{"@type":"ListItem","position":2,"name":"Privacy Policy"}]},{"@type":"WebSite","@id":"https:\/\/maximointernacional.pt\/#website","url":"https:\/\/maximointernacional.pt\/","name":"M\u00e1ximo Internacional","description":"Shoemaking since 1988","publisher":{"@id":"https:\/\/maximointernacional.pt\/#organization"},"alternateName":"M\u00e1ximo Internacional","potentialAction":[{"@type":"SearchAction","target":{"@type":"EntryPoint","urlTemplate":"https:\/\/maximointernacional.pt\/?s={search_term_string}"},"query-input":"required name=search_term_string"}],"inLanguage":"pt-PT"},{"@type":"Organization","@id":"https:\/\/maximointernacional.pt\/#organization","name":"M\u00e1ximo Internacional","alternateName":"M\u00e1ximo Internacional","url":"https:\/\/maximointernacional.pt\/","logo":{"@type":"ImageObject","inLanguage":"pt-PT","@id":"https:\/\/maximointernacional.pt\/#\/schema\/logo\/image\/","url":"https:\/\/maximo.wearemateria.com\/wp-content\/uploads\/2023\/10\/logo-maximo-final-black.png","contentUrl":"https:\/\/maximo.wearemateria.com\/wp-content\/uploads\/2023\/10\/logo-maximo-final-black.png","width":600,"height":209,"caption":"M\u00e1ximo Internacional"},"image":{"@id":"https:\/\/maximointernacional.pt\/#\/schema\/logo\/image\/"},"sameAs":["https:\/\/www.facebook.com\/maximointernacional\/","https:\/\/pt.linkedin.com\/company\/m-ximo-internacional-imp.-exp.-s.a."]}]}},"_links":{"self":[{"href":"https:\/\/maximointernacional.pt\/pt\/wp-json\/wp\/v2\/pages\/3"}],"collection":[{"href":"https:\/\/maximointernacional.pt\/pt\/wp-json\/wp\/v2\/pages"}],"about":[{"href":"https:\/\/maximointernacional.pt\/pt\/wp-json\/wp\/v2\/types\/page"}],"author":[{"embeddable":true,"href":"https:\/\/maximointernacional.pt\/pt\/wp-json\/wp\/v2\/users\/1"}],"replies":[{"embeddable":true,"href":"https:\/\/maximointernacional.pt\/pt\/wp-json\/wp\/v2\/comments?post=3"}],"version-history":[{"count":3,"href":"https:\/\/maximointernacional.pt\/pt\/wp-json\/wp\/v2\/pages\/3\/revisions"}],"predecessor-version":[{"id":2014,"href":"https:\/\/maximointernacional.pt\/pt\/wp-json\/wp\/v2\/pages\/3\/revisions\/2014"}],"wp:attachment":[{"href":"https:\/\/maximointernacional.pt\/pt\/wp-json\/wp\/v2\/media?parent=3"}],"curies":[{"name":"wp","href":"https:\/\/api.w.org\/{rel}","templated":true}]}}