{"id":1852,"date":"2023-10-26T15:29:32","date_gmt":"2023-10-26T14:29:32","guid":{"rendered":"https:\/\/maximo.wearemateria.com\/?page_id=1852"},"modified":"2025-11-14T18:44:36","modified_gmt":"2025-11-14T18:44:36","slug":"book-meeting","status":"publish","type":"page","link":"https:\/\/maximointernacional.pt\/pt\/book-meeting\/","title":{"rendered":"Agendar Reuni\u00e3o"},"content":{"rendered":"<div data-elementor-type=\"wp-page\" data-elementor-id=\"1852\" class=\"elementor elementor-1852\" data-elementor-post-type=\"page\">\n\t\t\t\t\t\t\t\t\t<section class=\"elementor-section elementor-top-section elementor-element elementor-element-e070d92 elementor-section-boxed elementor-section-height-default elementor-section-height-default\" data-id=\"e070d92\" data-element_type=\"section\">\n\t\t\t\t\t\t<div class=\"elementor-container elementor-column-gap-default\">\n\t\t\t\t\t<div class=\"elementor-column elementor-col-100 elementor-top-column elementor-element elementor-element-1935311\" data-id=\"1935311\" data-element_type=\"column\">\n\t\t\t<div class=\"elementor-widget-wrap elementor-element-populated\">\n\t\t\t\t\t\t\t\t<div class=\"elementor-element elementor-element-4c85c16 grve-elementor-align-left elementor-widget elementor-widget-impeka_animated_text\" data-id=\"4c85c16\" data-element_type=\"widget\" data-widget_type=\"impeka_animated_text.default\">\n\t\t\t\t<div class=\"elementor-widget-container\">\n\t\t\t<h1 class=\"grve-element grve-animated-text grve-animated-item grve-h1 grve-style-1\" data-style=\"style-1\" data-delay=\"0\" data-duration=\"normal\"><span class=\"grve-animated-entry\"><span class=\"grve-line\">Pedido de Reuni\u00e3o<\/span><\/span><\/h1>\t\t<\/div>\n\t\t\t\t<\/div>\n\t\t\t\t<div class=\"elementor-element elementor-element-f26e574 elementor-widget elementor-widget-text-editor\" data-id=\"f26e574\" data-element_type=\"widget\" data-widget_type=\"text-editor.default\">\n\t\t\t\t<div class=\"elementor-widget-container\">\n\t\t\t<style>\/*! elementor - v3.15.0 - 09-08-2023 *\/\n.elementor-widget-text-editor.elementor-drop-cap-view-stacked .elementor-drop-cap{background-color:#69727d;color:#fff}.elementor-widget-text-editor.elementor-drop-cap-view-framed .elementor-drop-cap{color:#69727d;border:3px solid;background-color:transparent}.elementor-widget-text-editor:not(.elementor-drop-cap-view-default) .elementor-drop-cap{margin-top:8px}.elementor-widget-text-editor:not(.elementor-drop-cap-view-default) .elementor-drop-cap-letter{width:1em;height:1em}.elementor-widget-text-editor .elementor-drop-cap{float:left;text-align:center;line-height:1;font-size:50px}.elementor-widget-text-editor .elementor-drop-cap-letter{display:inline-block}<\/style>\t\t\t\t<p>Envie o seu pedido de reuni\u00e3o e a nossa equipa entrar\u00e1 em contacto consigo para confirmar um hor\u00e1rio adequado.<\/p>\t\t\t\t\t\t<\/div>\n\t\t\t\t<\/div>\n\t\t\t\t\t<\/div>\n\t\t<\/div>\n\t\t\t\t\t\t\t<\/div>\n\t\t<\/section>\n\t\t\t\t<section class=\"elementor-section elementor-top-section elementor-element elementor-element-f7464dc elementor-section-boxed elementor-section-height-default elementor-section-height-default\" data-id=\"f7464dc\" data-element_type=\"section\">\n\t\t\t\t\t\t<div class=\"elementor-container elementor-column-gap-default\">\n\t\t\t\t\t<div class=\"elementor-column elementor-col-50 elementor-top-column elementor-element elementor-element-54b03f1\" data-id=\"54b03f1\" data-element_type=\"column\">\n\t\t\t<div class=\"elementor-widget-wrap elementor-element-populated\">\n\t\t\t\t\t\t\t\t<div class=\"elementor-element elementor-element-5a3d624 grve-elementor-align-center elementor-widget elementor-widget-impeka_title\" data-id=\"5a3d624\" data-element_type=\"widget\" data-widget_type=\"impeka_title.default\">\n\t\t\t\t<div class=\"elementor-widget-container\">\n\t\t\t<h4 class=\"grve-element grve-title grve-h4\"><span>Clientes<br><\/span><\/h4>\t\t<\/div>\n\t\t\t\t<\/div>\n\t\t\t\t<div class=\"elementor-element elementor-element-f02675d elementor-widget elementor-widget-shortcode\" data-id=\"f02675d\" data-element_type=\"widget\" data-widget_type=\"shortcode.default\">\n\t\t\t\t<div class=\"elementor-widget-container\">\n\t\t\t\t\t<div class=\"elementor-shortcode\"><div class=\"booked-calendar-shortcode-wrap\"><div class=\"booked-calendar-wrap large\"><div class=\"booked-calendar\" data-calendar-id=\"13\" data-calendar-date=\"2026-04-01\">\n\t\t<div class=\"bc-head\">\n\n\t\t\t\n\t\t\t<div class=\"bc-row top\">\n\t\t\t\t<div class=\"bc-col\">\n\t\t\t\t\t\t\t\t\t\t<span class=\"calendarSavingState\">\n\t\t\t\t\t\t<i class=\"fa-solid fa-circle-notch fa-spin\"><\/i>\n\t\t\t\t\t<\/span>\n\t\t\t\t\t<span class=\"monthName\">\n\t\t\t\t\t\tAbril 2026\t\t\t\t\t\t\t\t\t\t\t<\/span>\n\t\t\t\t\t<a href=\"#\" data-goto=\"2026-05-01\" class=\"page-right\"><i class=\"fa-solid fa-arrow-right\"><\/i><\/a>\t\t\t\t<\/div>\n\t\t\t<\/div>\n\t\t\t<div class=\"bc-row days\">\n\t\t\t\t\t\t\t\t<div class=\"bc-col\">Seg<\/div>\n\t\t\t\t<div class=\"bc-col\">Ter<\/div>\n\t\t\t\t<div class=\"bc-col\">Qua<\/div>\n\t\t\t\t<div class=\"bc-col\">Qui<\/div>\n\t\t\t\t<div class=\"bc-col\">Sex<\/div>\n\t\t\t\t\t\t\t\t\t\t\t<\/div>\n\t\t<\/div>\n\t\t<div class=\"bc-body\"><div class=\"bc-row week\"><div data-date=\"2026-03-30\" class=\"bc-col prev-month prev-date\"><span class=\"date\"><span class=\"number\">30<\/span><\/span><\/div><div data-date=\"2026-03-31\" class=\"bc-col prev-month prev-date\"><span class=\"date\"><span class=\"number\">31<\/span><\/span><\/div><div data-date=\"2026-04-1\" class=\"bc-col prev-date\"><span class=\"date\"><span class=\"number\">1<\/span><\/span><\/div><div data-date=\"2026-04-2\" class=\"bc-col prev-date\"><span class=\"date\"><span class=\"number\">2<\/span><\/span><\/div><div data-date=\"2026-04-3\" class=\"bc-col prev-date\"><span class=\"date\"><span class=\"number\">3<\/span><\/span><\/div><\/div><div class=\"bc-row week\"><div data-date=\"2026-04-6\" class=\"bc-col prev-date\"><span class=\"date\"><span class=\"number\">6<\/span><\/span><\/div><div data-date=\"2026-04-7\" class=\"bc-col prev-date\"><span class=\"date\"><span class=\"number\">7<\/span><\/span><\/div><div data-date=\"2026-04-8\" class=\"bc-col prev-date\"><span class=\"date\"><span class=\"number\">8<\/span><\/span><\/div><div data-date=\"2026-04-9\" class=\"bc-col prev-date\"><span class=\"date\"><span class=\"number\">9<\/span><\/span><\/div><div data-date=\"2026-04-10\" class=\"bc-col prev-date\"><span class=\"date\"><span class=\"number\">10<\/span><\/span><\/div><\/div><div class=\"bc-row week\"><div data-date=\"2026-04-13\" class=\"bc-col prev-date\"><span class=\"date\"><span class=\"number\">13<\/span><\/span><\/div><div data-date=\"2026-04-14\" class=\"bc-col prev-date\"><span class=\"date\"><span class=\"number\">14<\/span><\/span><\/div><div data-date=\"2026-04-15\" class=\"bc-col prev-date\"><span class=\"date\"><span class=\"number\">15<\/span><\/span><\/div><div data-date=\"2026-04-16\" class=\"bc-col prev-date\"><span class=\"date\"><span class=\"number\">16<\/span><\/span><\/div><div data-date=\"2026-04-17\" class=\"bc-col prev-date\"><span class=\"date\"><span class=\"number\">17<\/span><\/span><\/div><\/div><div class=\"bc-row week\"><div data-date=\"2026-04-20\" class=\"bc-col prev-date\"><span class=\"date\"><span class=\"number\">20<\/span><\/span><\/div><div data-date=\"2026-04-21\" class=\"bc-col prev-date\"><span class=\"date\"><span class=\"number\">21<\/span><\/span><\/div><div data-date=\"2026-04-22\" class=\"bc-col prev-date\"><span class=\"date\"><span class=\"number\">22<\/span><\/span><\/div><div data-date=\"2026-04-23\" class=\"bc-col prev-date\"><span class=\"date\"><span class=\"number\">23<\/span><\/span><\/div><div data-date=\"2026-04-24\" class=\"bc-col prev-date\"><span class=\"date\"><span class=\"number\">24<\/span><\/span><\/div><\/div><div class=\"bc-row week\"><div data-date=\"2026-04-27\" class=\"bc-col today prev-date\"><span class=\"date\"><span class=\"number\">27<\/span><\/span><\/div><div data-date=\"2026-04-28\" class=\"bc-col prev-date\"><span class=\"date\"><span class=\"number\">28<\/span><\/span><\/div><div data-date=\"2026-04-29\" class=\"bc-col\"><span class=\"date tooltipster\" title=\"8 Available\"><span class=\"number\">29<\/span><\/span><\/div><div data-date=\"2026-04-30\" class=\"bc-col\"><span class=\"date tooltipster\" title=\"8 Available\"><span class=\"number\">30<\/span><\/span><\/div><div data-date=\"2026-05-1\" class=\"bc-col next-month prev-date\"><span class=\"date\"><span class=\"number\">1<\/span><\/span><\/div><\/div>\t\t<\/div>\n\t<\/div><\/div><\/div><\/div>\n\t\t\t\t<\/div>\n\t\t\t\t<\/div>\n\t\t\t\t\t<\/div>\n\t\t<\/div>\n\t\t\t\t<div class=\"elementor-column elementor-col-50 elementor-top-column elementor-element elementor-element-b9ff305\" data-id=\"b9ff305\" data-element_type=\"column\">\n\t\t\t<div class=\"elementor-widget-wrap elementor-element-populated\">\n\t\t\t\t\t\t\t\t<div class=\"elementor-element elementor-element-1315268 grve-elementor-align-center elementor-widget elementor-widget-impeka_title\" data-id=\"1315268\" data-element_type=\"widget\" data-widget_type=\"impeka_title.default\">\n\t\t\t\t<div class=\"elementor-widget-container\">\n\t\t\t<h4 class=\"grve-element grve-title grve-h4\"><span>Fornecedores<br><\/span><\/h4>\t\t<\/div>\n\t\t\t\t<\/div>\n\t\t\t\t<div class=\"elementor-element elementor-element-70f5de9 elementor-widget elementor-widget-shortcode\" data-id=\"70f5de9\" data-element_type=\"widget\" data-widget_type=\"shortcode.default\">\n\t\t\t\t<div class=\"elementor-widget-container\">\n\t\t\t\t\t<div class=\"elementor-shortcode\"><div class=\"booked-calendar-shortcode-wrap\"><div class=\"booked-calendar-wrap large\"><div class=\"booked-calendar\" data-calendar-id=\"11\" data-calendar-date=\"2026-04-01\">\n\t\t<div class=\"bc-head\">\n\n\t\t\t\n\t\t\t<div class=\"bc-row top\">\n\t\t\t\t<div class=\"bc-col\">\n\t\t\t\t\t\t\t\t\t\t<span class=\"calendarSavingState\">\n\t\t\t\t\t\t<i class=\"fa-solid fa-circle-notch fa-spin\"><\/i>\n\t\t\t\t\t<\/span>\n\t\t\t\t\t<span class=\"monthName\">\n\t\t\t\t\t\tAbril 2026\t\t\t\t\t\t\t\t\t\t\t<\/span>\n\t\t\t\t\t<a href=\"#\" data-goto=\"2026-05-01\" class=\"page-right\"><i class=\"fa-solid fa-arrow-right\"><\/i><\/a>\t\t\t\t<\/div>\n\t\t\t<\/div>\n\t\t\t<div class=\"bc-row days\">\n\t\t\t\t\t\t\t\t<div class=\"bc-col\">Seg<\/div>\n\t\t\t\t<div class=\"bc-col\">Ter<\/div>\n\t\t\t\t<div class=\"bc-col\">Qua<\/div>\n\t\t\t\t<div class=\"bc-col\">Qui<\/div>\n\t\t\t\t<div class=\"bc-col\">Sex<\/div>\n\t\t\t\t\t\t\t\t\t\t\t<\/div>\n\t\t<\/div>\n\t\t<div class=\"bc-body\"><div class=\"bc-row week\"><div data-date=\"2026-03-30\" class=\"bc-col prev-month prev-date\"><span class=\"date\"><span class=\"number\">30<\/span><\/span><\/div><div data-date=\"2026-03-31\" class=\"bc-col prev-month prev-date\"><span class=\"date\"><span class=\"number\">31<\/span><\/span><\/div><div data-date=\"2026-04-1\" class=\"bc-col prev-date\"><span class=\"date\"><span class=\"number\">1<\/span><\/span><\/div><div data-date=\"2026-04-2\" class=\"bc-col prev-date\"><span class=\"date\"><span class=\"number\">2<\/span><\/span><\/div><div data-date=\"2026-04-3\" class=\"bc-col prev-date\"><span class=\"date\"><span class=\"number\">3<\/span><\/span><\/div><\/div><div class=\"bc-row week\"><div data-date=\"2026-04-6\" class=\"bc-col prev-date\"><span class=\"date\"><span class=\"number\">6<\/span><\/span><\/div><div data-date=\"2026-04-7\" class=\"bc-col prev-date\"><span class=\"date\"><span class=\"number\">7<\/span><\/span><\/div><div data-date=\"2026-04-8\" class=\"bc-col prev-date\"><span class=\"date\"><span class=\"number\">8<\/span><\/span><\/div><div data-date=\"2026-04-9\" class=\"bc-col prev-date\"><span class=\"date\"><span class=\"number\">9<\/span><\/span><\/div><div data-date=\"2026-04-10\" class=\"bc-col prev-date\"><span class=\"date\"><span class=\"number\">10<\/span><\/span><\/div><\/div><div class=\"bc-row week\"><div data-date=\"2026-04-13\" class=\"bc-col prev-date\"><span class=\"date\"><span class=\"number\">13<\/span><\/span><\/div><div data-date=\"2026-04-14\" class=\"bc-col prev-date\"><span class=\"date\"><span class=\"number\">14<\/span><\/span><\/div><div data-date=\"2026-04-15\" class=\"bc-col prev-date\"><span class=\"date\"><span class=\"number\">15<\/span><\/span><\/div><div data-date=\"2026-04-16\" class=\"bc-col prev-date\"><span class=\"date\"><span class=\"number\">16<\/span><\/span><\/div><div data-date=\"2026-04-17\" class=\"bc-col prev-date\"><span class=\"date\"><span class=\"number\">17<\/span><\/span><\/div><\/div><div class=\"bc-row week\"><div data-date=\"2026-04-20\" class=\"bc-col prev-date\"><span class=\"date\"><span class=\"number\">20<\/span><\/span><\/div><div data-date=\"2026-04-21\" class=\"bc-col prev-date\"><span class=\"date\"><span class=\"number\">21<\/span><\/span><\/div><div data-date=\"2026-04-22\" class=\"bc-col prev-date\"><span class=\"date\"><span class=\"number\">22<\/span><\/span><\/div><div data-date=\"2026-04-23\" class=\"bc-col prev-date\"><span class=\"date\"><span class=\"number\">23<\/span><\/span><\/div><div data-date=\"2026-04-24\" class=\"bc-col prev-date\"><span class=\"date\"><span class=\"number\">24<\/span><\/span><\/div><\/div><div class=\"bc-row week\"><div data-date=\"2026-04-27\" class=\"bc-col today prev-date\"><span class=\"date\"><span class=\"number\">27<\/span><\/span><\/div><div data-date=\"2026-04-28\" class=\"bc-col prev-date\"><span class=\"date\"><span class=\"number\">28<\/span><\/span><\/div><div data-date=\"2026-04-29\" class=\"bc-col prev-date\"><span class=\"date\"><span class=\"number\">29<\/span><\/span><\/div><div data-date=\"2026-04-30\" class=\"bc-col\"><span class=\"date tooltipster\" title=\"8 Available\"><span class=\"number\">30<\/span><\/span><\/div><div data-date=\"2026-05-1\" class=\"bc-col next-month prev-date\"><span class=\"date\"><span class=\"number\">1<\/span><\/span><\/div><\/div>\t\t<\/div>\n\t<\/div><\/div><\/div><\/div>\n\t\t\t\t<\/div>\n\t\t\t\t<\/div>\n\t\t\t\t\t<\/div>\n\t\t<\/div>\n\t\t\t\t\t\t\t<\/div>\n\t\t<\/section>\n\t\t\t\t\t\t\t<\/div>","protected":false},"excerpt":{"rendered":"<p>Request a Meeting Submit your meeting request, and our team will get back to you to confirm a suitable time. Clients Suppliers<\/p>","protected":false},"author":1,"featured_media":0,"parent":0,"menu_order":0,"comment_status":"closed","ping_status":"closed","template":"","meta":{"footnotes":""},"yoast_head":"<!-- This site is optimized with the Yoast SEO plugin v22.1 - https:\/\/yoast.com\/wordpress\/plugins\/seo\/ -->\n<title>Book a Meeting - Maximo Internacional<\/title>\n<meta name=\"robots\" content=\"index, follow, max-snippet:-1, max-image-preview:large, max-video-preview:-1\" \/>\n<link rel=\"canonical\" href=\"https:\/\/maximointernacional.pt\/pt\/book-meeting\/\" \/>\n<meta property=\"og:locale\" content=\"pt_PT\" \/>\n<meta property=\"og:type\" content=\"article\" \/>\n<meta property=\"og:title\" content=\"Book a Meeting - Maximo Internacional\" \/>\n<meta property=\"og:description\" content=\"Request a Meeting Submit your meeting request, and our team will get back to you to confirm a suitable time. Clients Suppliers\" \/>\n<meta property=\"og:url\" content=\"https:\/\/maximointernacional.pt\/pt\/book-meeting\/\" \/>\n<meta property=\"og:site_name\" content=\"Maximo Internacional\" \/>\n<meta property=\"article:publisher\" content=\"https:\/\/www.facebook.com\/maximointernacional\/\" \/>\n<meta property=\"article:modified_time\" content=\"2025-11-14T18:44:36+00:00\" \/>\n<meta property=\"og:image\" content=\"https:\/\/maximointernacional.pt\/wp-content\/uploads\/2023\/10\/logo-maximo-final-black.png\" \/>\n\t<meta property=\"og:image:width\" content=\"600\" \/>\n\t<meta property=\"og:image:height\" content=\"209\" \/>\n\t<meta property=\"og:image:type\" content=\"image\/png\" \/>\n<meta name=\"twitter:card\" content=\"summary_large_image\" \/>\n<meta name=\"twitter:label1\" content=\"Tempo estimado de leitura\" \/>\n\t<meta name=\"twitter:data1\" content=\"1 minuto\" \/>\n<script type=\"application\/ld+json\" class=\"yoast-schema-graph\">{\"@context\":\"https:\/\/schema.org\",\"@graph\":[{\"@type\":\"WebPage\",\"@id\":\"https:\/\/maximointernacional.pt\/book-meeting\/\",\"url\":\"https:\/\/maximointernacional.pt\/book-meeting\/\",\"name\":\"Book a Meeting - Maximo Internacional\",\"isPartOf\":{\"@id\":\"https:\/\/maximointernacional.pt\/#website\"},\"datePublished\":\"2023-10-26T14:29:32+00:00\",\"dateModified\":\"2025-11-14T18:44:36+00:00\",\"breadcrumb\":{\"@id\":\"https:\/\/maximointernacional.pt\/book-meeting\/#breadcrumb\"},\"inLanguage\":\"pt-PT\",\"potentialAction\":[{\"@type\":\"ReadAction\",\"target\":[\"https:\/\/maximointernacional.pt\/book-meeting\/\"]}]},{\"@type\":\"BreadcrumbList\",\"@id\":\"https:\/\/maximointernacional.pt\/book-meeting\/#breadcrumb\",\"itemListElement\":[{\"@type\":\"ListItem\",\"position\":1,\"name\":\"Home\",\"item\":\"https:\/\/maximointernacional.pt\/\"},{\"@type\":\"ListItem\",\"position\":2,\"name\":\"Book a Meeting\"}]},{\"@type\":\"WebSite\",\"@id\":\"https:\/\/maximointernacional.pt\/#website\",\"url\":\"https:\/\/maximointernacional.pt\/\",\"name\":\"M\u00e1ximo Internacional\",\"description\":\"Shoemaking since 1988\",\"publisher\":{\"@id\":\"https:\/\/maximointernacional.pt\/#organization\"},\"alternateName\":\"M\u00e1ximo Internacional\",\"potentialAction\":[{\"@type\":\"SearchAction\",\"target\":{\"@type\":\"EntryPoint\",\"urlTemplate\":\"https:\/\/maximointernacional.pt\/?s={search_term_string}\"},\"query-input\":\"required name=search_term_string\"}],\"inLanguage\":\"pt-PT\"},{\"@type\":\"Organization\",\"@id\":\"https:\/\/maximointernacional.pt\/#organization\",\"name\":\"M\u00e1ximo Internacional\",\"alternateName\":\"M\u00e1ximo Internacional\",\"url\":\"https:\/\/maximointernacional.pt\/\",\"logo\":{\"@type\":\"ImageObject\",\"inLanguage\":\"pt-PT\",\"@id\":\"https:\/\/maximointernacional.pt\/#\/schema\/logo\/image\/\",\"url\":\"https:\/\/maximo.wearemateria.com\/wp-content\/uploads\/2023\/10\/logo-maximo-final-black.png\",\"contentUrl\":\"https:\/\/maximo.wearemateria.com\/wp-content\/uploads\/2023\/10\/logo-maximo-final-black.png\",\"width\":600,\"height\":209,\"caption\":\"M\u00e1ximo Internacional\"},\"image\":{\"@id\":\"https:\/\/maximointernacional.pt\/#\/schema\/logo\/image\/\"},\"sameAs\":[\"https:\/\/www.facebook.com\/maximointernacional\/\",\"https:\/\/pt.linkedin.com\/company\/m-ximo-internacional-imp.-exp.-s.a.\"]}]}<\/script>\n<!-- \/ Yoast SEO plugin. -->","yoast_head_json":{"title":"Book a Meeting - Maximo Internacional","robots":{"index":"index","follow":"follow","max-snippet":"max-snippet:-1","max-image-preview":"max-image-preview:large","max-video-preview":"max-video-preview:-1"},"canonical":"https:\/\/maximointernacional.pt\/pt\/book-meeting\/","og_locale":"pt_PT","og_type":"article","og_title":"Book a Meeting - Maximo Internacional","og_description":"Request a Meeting Submit your meeting request, and our team will get back to you to confirm a suitable time. Clients Suppliers","og_url":"https:\/\/maximointernacional.pt\/pt\/book-meeting\/","og_site_name":"Maximo Internacional","article_publisher":"https:\/\/www.facebook.com\/maximointernacional\/","article_modified_time":"2025-11-14T18:44:36+00:00","og_image":[{"width":600,"height":209,"url":"https:\/\/maximointernacional.pt\/wp-content\/uploads\/2023\/10\/logo-maximo-final-black.png","type":"image\/png"}],"twitter_card":"summary_large_image","twitter_misc":{"Tempo estimado de leitura":"1 minuto"},"schema":{"@context":"https:\/\/schema.org","@graph":[{"@type":"WebPage","@id":"https:\/\/maximointernacional.pt\/book-meeting\/","url":"https:\/\/maximointernacional.pt\/book-meeting\/","name":"Book a Meeting - Maximo Internacional","isPartOf":{"@id":"https:\/\/maximointernacional.pt\/#website"},"datePublished":"2023-10-26T14:29:32+00:00","dateModified":"2025-11-14T18:44:36+00:00","breadcrumb":{"@id":"https:\/\/maximointernacional.pt\/book-meeting\/#breadcrumb"},"inLanguage":"pt-PT","potentialAction":[{"@type":"ReadAction","target":["https:\/\/maximointernacional.pt\/book-meeting\/"]}]},{"@type":"BreadcrumbList","@id":"https:\/\/maximointernacional.pt\/book-meeting\/#breadcrumb","itemListElement":[{"@type":"ListItem","position":1,"name":"Home","item":"https:\/\/maximointernacional.pt\/"},{"@type":"ListItem","position":2,"name":"Book a Meeting"}]},{"@type":"WebSite","@id":"https:\/\/maximointernacional.pt\/#website","url":"https:\/\/maximointernacional.pt\/","name":"M\u00e1ximo Internacional","description":"Shoemaking since 1988","publisher":{"@id":"https:\/\/maximointernacional.pt\/#organization"},"alternateName":"M\u00e1ximo Internacional","potentialAction":[{"@type":"SearchAction","target":{"@type":"EntryPoint","urlTemplate":"https:\/\/maximointernacional.pt\/?s={search_term_string}"},"query-input":"required name=search_term_string"}],"inLanguage":"pt-PT"},{"@type":"Organization","@id":"https:\/\/maximointernacional.pt\/#organization","name":"M\u00e1ximo Internacional","alternateName":"M\u00e1ximo Internacional","url":"https:\/\/maximointernacional.pt\/","logo":{"@type":"ImageObject","inLanguage":"pt-PT","@id":"https:\/\/maximointernacional.pt\/#\/schema\/logo\/image\/","url":"https:\/\/maximo.wearemateria.com\/wp-content\/uploads\/2023\/10\/logo-maximo-final-black.png","contentUrl":"https:\/\/maximo.wearemateria.com\/wp-content\/uploads\/2023\/10\/logo-maximo-final-black.png","width":600,"height":209,"caption":"M\u00e1ximo Internacional"},"image":{"@id":"https:\/\/maximointernacional.pt\/#\/schema\/logo\/image\/"},"sameAs":["https:\/\/www.facebook.com\/maximointernacional\/","https:\/\/pt.linkedin.com\/company\/m-ximo-internacional-imp.-exp.-s.a."]}]}},"_links":{"self":[{"href":"https:\/\/maximointernacional.pt\/pt\/wp-json\/wp\/v2\/pages\/1852"}],"collection":[{"href":"https:\/\/maximointernacional.pt\/pt\/wp-json\/wp\/v2\/pages"}],"about":[{"href":"https:\/\/maximointernacional.pt\/pt\/wp-json\/wp\/v2\/types\/page"}],"author":[{"embeddable":true,"href":"https:\/\/maximointernacional.pt\/pt\/wp-json\/wp\/v2\/users\/1"}],"replies":[{"embeddable":true,"href":"https:\/\/maximointernacional.pt\/pt\/wp-json\/wp\/v2\/comments?post=1852"}],"version-history":[{"count":52,"href":"https:\/\/maximointernacional.pt\/pt\/wp-json\/wp\/v2\/pages\/1852\/revisions"}],"predecessor-version":[{"id":2717,"href":"https:\/\/maximointernacional.pt\/pt\/wp-json\/wp\/v2\/pages\/1852\/revisions\/2717"}],"wp:attachment":[{"href":"https:\/\/maximointernacional.pt\/pt\/wp-json\/wp\/v2\/media?parent=1852"}],"curies":[{"name":"wp","href":"https:\/\/api.w.org\/{rel}","templated":true}]}}